{"id":1019,"date":"2025-01-15T12:28:32","date_gmt":"2025-01-15T12:28:32","guid":{"rendered":"https:\/\/post-ol-chemnitz.de\/?page_id=1019"},"modified":"2025-05-08T20:30:11","modified_gmt":"2025-05-08T20:30:11","slug":"saechsische-meisterschaft-im-mittel-ol-am-14-06-2025","status":"publish","type":"page","link":"https:\/\/post-ol-chemnitz.de\/?page_id=1019","title":{"rendered":"S\u00e4chsische Meisterschaft im Mittel-OL und Wettinhain-Sprint-OL am 14.06.2025"},"content":{"rendered":"\n<p>________________________________________________________________________________<\/p>\n\n\n\n<div class=\"wp-block-group is-nowrap is-layout-flex wp-container-core-group-is-layout-ad2f72ca wp-block-group-is-layout-flex\">\n<hr class=\"wp-block-separator aligncenter has-alpha-channel-opacity\"\/>\n\n\n\n<hr class=\"wp-block-separator has-alpha-channel-opacity\"\/>\n<\/div>\n\n\n\n<p class=\"has-black-color has-text-color has-link-color wp-elements-9ac00cf961d1ea846fe5a532228b76c6\"><\/p>\n\n\n\n<p>Herzlich willkommen am <strong>Sprungschanzen-Areal im Chemnitzer Ortsteil Gr\u00fcna<\/strong>!<\/p>\n\n\n\n<p>Die Chemnitzer Post-OLer laden am Samstag, den 14. Juni 2025, zur s\u00e4chsischen Meisterschaft in der Orientierungslauf-Mitteldistanz ein. Der Wettkampf wird auf der OL-Karte \u201eRabensteiner Wald-S\u00fcd\u201c (Aktualisierungstand: Mai 2025) ausgetragen.<\/p>\n\n\n\n<p>Dank der freundlichen Unterst\u00fctzung des Wintersportvereins Gr\u00fcna k\u00f6nnen wir das Gu\u00dfgrundschanzen-Areal als Wettkampfzentrum nutzen.<\/p>\n\n\n\n<p><strong><a href=\"https:\/\/post-ol-chemnitz.de\/wp-content\/uploads\/2025\/05\/20250614_POL-Ausschreibung.pdf\" target=\"_blank\" rel=\"noreferrer noopener\">Ausschreibung SM Mittel-OL<\/a><\/strong><\/p>\n\n\n\n<p><strong>Am Nachmittag richten wir zudem den Wettinhain-Sprint-OL aus<\/strong>, der als Lauf der Deutschen Park Tour z\u00e4hlt.<\/p>\n\n\n\n<p>Der Wettkampf findet im Wettinhain, dem Stadtpark von <strong>Burgst\u00e4dt<\/strong>, statt. <\/p>\n\n\n\n<p><strong><a href=\"https:\/\/post-ol-chemnitz.de\/wp-content\/uploads\/2025\/05\/20250614_Wettinhain-Sprint-Ausschreibung.pdf\" target=\"_blank\" rel=\"noreferrer noopener\">Ausschreibung Wettinhain-Sprint-OL<\/a><\/strong><\/p>\n\n\n\n<p>Ihr solltet ca. 30 min Transferzeit von Gr\u00fcna nach Burgst\u00e4dt einplanen.<\/p>\n\n\n\n<p>________________________________________________________________________________<\/p>\n\n\n\n<p>Teilnahme-Meldungen bitte bevorzugt \u00fcber O-Manager:<\/p>\n\n\n\n<p><a href=\"https:\/\/omanager.o-sport.de\/service\/f?p=105:7:8689026951243::::P7_ID:57384\">Meldung SM Mittel<\/a><\/p>\n\n\n\n<p><a href=\"https:\/\/omanager.o-sport.de\/service\/f?p=105:7:8689026951243::::P7_ID:57384\">Meldung Wettinhain-Sprint-OL<\/a><\/p>\n\n\n\n<p>________________________________________________________________________________<\/p>\n\n\n\n<p><\/p>\n","protected":false},"excerpt":{"rendered":"<p>________________________________________________________________________________ Herzlich willkommen am Sprungschanzen-Areal im Chemnitzer Ortsteil Gr\u00fcna! Die Chemnitzer Post-OLer laden am Samstag, den 14. Juni 2025, zur s\u00e4chsischen Meisterschaft in der Orientierungslauf-Mitteldistanz ein. Der Wettkampf wird auf der OL-Karte \u201eRabensteiner Wald-S\u00fcd\u201c (Aktualisierungstand: Mai 2025) ausgetragen. Dank der freundlichen Unterst\u00fctzung des Wintersportvereins Gr\u00fcna k\u00f6nnen wir das Gu\u00dfgrundschanzen-Areal als Wettkampfzentrum nutzen. Ausschreibung SM Mittel-OL Am Nachmittag richten wir zudem<\/p>\n","protected":false},"author":1,"featured_media":0,"parent":0,"menu_order":0,"comment_status":"closed","ping_status":"closed","template":"","meta":{"footnotes":""},"class_list":["post-1019","page","type-page","status-publish","hentry"],"_links":{"self":[{"href":"https:\/\/post-ol-chemnitz.de\/index.php?rest_route=\/wp\/v2\/pages\/1019","targetHints":{"allow":["GET"]}}],"collection":[{"href":"https:\/\/post-ol-chemnitz.de\/index.php?rest_route=\/wp\/v2\/pages"}],"about":[{"href":"https:\/\/post-ol-chemnitz.de\/index.php?rest_route=\/wp\/v2\/types\/page"}],"author":[{"embeddable":true,"href":"https:\/\/post-ol-chemnitz.de\/index.php?rest_route=\/wp\/v2\/users\/1"}],"replies":[{"embeddable":true,"href":"https:\/\/post-ol-chemnitz.de\/index.php?rest_route=%2Fwp%2Fv2%2Fcomments&post=1019"}],"version-history":[{"count":30,"href":"https:\/\/post-ol-chemnitz.de\/index.php?rest_route=\/wp\/v2\/pages\/1019\/revisions"}],"predecessor-version":[{"id":1186,"href":"https:\/\/post-ol-chemnitz.de\/index.php?rest_route=\/wp\/v2\/pages\/1019\/revisions\/1186"}],"wp:attachment":[{"href":"https:\/\/post-ol-chemnitz.de\/index.php?rest_route=%2Fwp%2Fv2%2Fmedia&parent=1019"}],"curies":[{"name":"wp","href":"https:\/\/api.w.org\/{rel}","templated":true}]}}