{"id":2,"date":"2019-03-10T18:00:21","date_gmt":"2019-03-10T18:00:21","guid":{"rendered":"http:\/\/post-ol-chemnitz.de\/?page_id=2"},"modified":"2025-01-15T12:12:14","modified_gmt":"2025-01-15T12:12:14","slug":"sample-page","status":"publish","type":"page","link":"https:\/\/post-ol-chemnitz.de\/","title":{"rendered":"Herzlich Willkommen"},"content":{"rendered":"<p>auf der Informationsseite vom Postsportverein Chemnitz e.V., Abteilung Orientierungslauf und Wandern.<\/p>\n<p>Wir sind \u00fcber 40 <span style=\"color: #000000;\">Sportlerinnen<\/span> und Sportler aller Altersklassen.<\/p>\n<p>Als aktive Orientierungsl\u00e4ufer starten wir bei regionalen und nationalen Wettk\u00e4mpfen und veranstalten j\u00e4hrlich OL-Wettk\u00e4mpfe in der Region Chemnitz.<\/p>\n<p>Unsere Wandergruppe trifft sich regelm\u00e4\u00dfig zu Wandertouren in Sachsen und h\u00e4lt unsere GutsMuths-Vereinsh\u00fctte in Rathen in Schuss.<\/p>\n","protected":false},"excerpt":{"rendered":"<p>auf der Informationsseite vom Postsportverein Chemnitz e.V., Abteilung Orientierungslauf und Wandern. Wir sind \u00fcber 40 Sportlerinnen und Sportler aller Altersklassen. Als aktive Orientierungsl\u00e4ufer starten wir bei regionalen und nationalen Wettk\u00e4mpfen und veranstalten j\u00e4hrlich OL-Wettk\u00e4mpfe in der Region Chemnitz. Unsere Wandergruppe trifft sich regelm\u00e4\u00dfig zu Wandertouren in Sachsen und h\u00e4lt unsere GutsMuths-Vereinsh\u00fctte in Rathen in Schuss.<\/p>\n","protected":false},"author":1,"featured_media":0,"parent":0,"menu_order":0,"comment_status":"closed","ping_status":"closed","template":"","meta":{"footnotes":""},"class_list":["post-2","page","type-page","status-publish","hentry"],"_links":{"self":[{"href":"https:\/\/post-ol-chemnitz.de\/index.php?rest_route=\/wp\/v2\/pages\/2","targetHints":{"allow":["GET"]}}],"collection":[{"href":"https:\/\/post-ol-chemnitz.de\/index.php?rest_route=\/wp\/v2\/pages"}],"about":[{"href":"https:\/\/post-ol-chemnitz.de\/index.php?rest_route=\/wp\/v2\/types\/page"}],"author":[{"embeddable":true,"href":"https:\/\/post-ol-chemnitz.de\/index.php?rest_route=\/wp\/v2\/users\/1"}],"replies":[{"embeddable":true,"href":"https:\/\/post-ol-chemnitz.de\/index.php?rest_route=%2Fwp%2Fv2%2Fcomments&post=2"}],"version-history":[{"count":17,"href":"https:\/\/post-ol-chemnitz.de\/index.php?rest_route=\/wp\/v2\/pages\/2\/revisions"}],"predecessor-version":[{"id":678,"href":"https:\/\/post-ol-chemnitz.de\/index.php?rest_route=\/wp\/v2\/pages\/2\/revisions\/678"}],"wp:attachment":[{"href":"https:\/\/post-ol-chemnitz.de\/index.php?rest_route=%2Fwp%2Fv2%2Fmedia&parent=2"}],"curies":[{"name":"wp","href":"https:\/\/api.w.org\/{rel}","templated":true}]}}