{"id":4,"date":"2019-03-13T21:11:03","date_gmt":"2019-03-13T21:11:03","guid":{"rendered":"http:\/\/post-ol-chemnitz.de\/?page_id=4"},"modified":"2019-03-22T20:14:57","modified_gmt":"2019-03-22T20:14:57","slug":"datenschutzerklaerung","status":"publish","type":"page","link":"https:\/\/post-ol-chemnitz.de\/?page_id=4","title":{"rendered":"Datenschutzerkl\u00e4rung"},"content":{"rendered":"\n<h4 class=\"wp-block-heading\" id=\"mce_3\">Postsportverein Chemnitz e.V.<br>Marktsteig 110\/Poststadion<br>09125 Chemnitz<br>E-Mail: <a rel=\"noreferrer noopener\" href=\"mailto:postsv2019@gmail.com\" target=\"_blank\">postsv2019@gmail.com<\/a> <\/h4>\n\n\n\n<p>Nachfolgend m\u00f6chten wir Sie \u00fcber die Art, den Umfang und die Zwecke der Erhebung und Verwendung Ihrer personenbezogenen Daten auf unserer Webseite informieren. Wir behandeln personenbezogene Daten gem\u00e4\u00df dieser Datenschutzerkl\u00e4rung und der gesetzlichen Vorschriften grunds\u00e4tzlich vertraulich. Den Schutz Ihrer pers\u00f6nlichen Daten nehmen wir sehr ernst. Wenn Sie unsere Website benutzen, werden verschiedene personenbezogene Daten erhoben. Personenbezogene Daten sind Daten, mit denen Sie pers\u00f6nlich identifiziert werden k\u00f6nnen. Die vorliegende Datenschutzerkl\u00e4rung erl\u00e4utert, welche Daten wir erheben und wof\u00fcr wir diese nutzen. Sie erl\u00e4utert auch, wie und zu welchem Zweck das geschieht. Eine Daten\u00fcbertragung im Internet kann z.B. bei E-Mail-Kommunikation Sicherheitsl\u00fccken aufweisen.  Wir m\u00f6chten Sie darauf hinweisen, dass ein l\u00fcckenloser Schutz der Daten vor dem Zugriff durch Dritte nicht m\u00f6glich ist.  <\/p>\n\n\n\n<p>Die Adresse der Abteilung Orientierungslauf\/Wandern ist:<br><strong>https:\/\/post-ol-chemnitz.de.<\/strong><\/p>\n\n\n\n<p><strong>1. DATENSCHUTZ BEIM BESUCH DER WEBSEITEN<\/strong><\/p>\n\n\n\n<p>Die  Nutzung unserer Webseite ist in der Regel ohne Angabe personenbezogener  Daten m\u00f6glich. Soweit auf unseren Seiten personenbezogene Daten  (beispielsweise Name, Anschrift oder E-Mail-Adressen) erhoben werden,  erfolgt dies stets auf freiwilliger Basis. Diese Daten werden ohne Ihre  ausdr\u00fcckliche Zustimmung nicht an Dritte weitergegeben.<\/p>\n\n\n\n<p>Der Provider der Seiten erhebt und speichert automatisch \nInformationen in so genannten Server-Log Files, die Ihr Browser \nautomatisch an uns \u00fcbermittelt. Dies sind:<\/p>\n\n\n\n<ul class=\"wp-block-list\"><li>Datum und Uhrzeit des Abrufs einer unserer Internetseiten,<\/li><li>Ihren Browsertyp,<\/li><li>die Browser-Einstellungen,<\/li><li>das verwendete Betriebssystem,<\/li><li>die von Ihnen zuletzt besuchte Seite,<\/li><li>die \u00fcbertragene Datenmenge und der Zugriffsstatus (Datei \u00fcbertragen, Datei nicht gefunden etc.) sowie<\/li><li>Ihre IP-Adresse.<\/li><\/ul>\n\n\n\n<p>Diese Daten erheben und verwenden wir bei einem informatorischen \nBesuch ausschlie\u00dflich in nicht-personenbezogener Form. Dies erfolgt, um \ndie Nutzung der von Ihnen abgerufenen Internetseiten \u00fcberhaupt zu \nerm\u00f6glichen, zu statistischen Zwecken sowie zur Verbesserung unseres \nInternetangebots. Die IP-Adresse speichern wir nur f\u00fcr die Dauer Ihres \nBesuchs, eine personenbezogene Auswertung findet nicht statt.<\/p>\n\n\n\n<p><strong>2. EINSATZ VON COOKIES<\/strong><\/p>\n\n\n\n<p>Um die Nutzung unserer  Website zu erleichtern, verwenden wir \u201eCookies\u201c. Cookies sind kleine  Textdateien, die von Ihrem Browser auf der Festplatte Ihres Computers  abgelegt werden k\u00f6nnen und hilfreich f\u00fcr die Nutzung unserer Website  sind.<\/p>\n\n\n\n<p>Wir setzen nur sog. Session-Cookies (auch als tempor\u00e4re Cookies \nbezeichnet) ein, also solche, die ausschlie\u00dflich f\u00fcr die Dauer Ihrer \nNutzung einer unserer Internetseiten zwischengespeichert werden. Zweck \ndieser Cookies ist, Ihren Rechner w\u00e4hrend eines Besuchs unseres \nInternetauftritts beim Wechsel von einer unserer Webseiten zu einer \nanderen unserer Webseiten weiterhin zu identifizieren und das Ende Ihres\n Besuchs feststellen zu k\u00f6nnen. Die Cookies werden gel\u00f6scht, sobald Sie \nIhre Browsersitzung beenden. Eine Erhebung oder Speicherung \npersonenbezogener Daten in Cookies findet in diesem Zusammenhang durch \nuns nicht statt. Wir setzen auch keine Techniken ein, die durch Cookies \nanfallende Informationen mit Nutzerdaten verbinden.<\/p>\n\n\n\n<p>Sie k\u00f6nnen Ihren Internet-Browser so einstellen, dass das Speichern \nvon Cookies auf Ihrer Festplatte verhindert wird bzw. Sie jedes Mal \ngefragt werden, ob Sie mit dem Setzen von Cookies einverstanden sind. \nEinmal gesetzte Cookies k\u00f6nnen Sie auch jederzeit wieder l\u00f6schen. Wie \ndies im Einzelnen funktioniert, k\u00f6nnen Sie den Hilfeseiten Ihres \nBrowsers entnehmen. Das Webportal weist die Besucher beim ersten Besuch \nder Seiten mit einer Meldung darauf hin, dass Cookies gespeichert \nwerden.<\/p>\n\n\n\n<p><strong>3. DATENSCHUTZHINWEISE BEI NUTZUNG VON KONTAKT- \/ INTERAKTIONSANGEBOTEN<\/strong><\/p>\n\n\n\n<p>Soweit  Sie von uns auf unserem Internetauftritt angebotene Leistungen (wie  etwa die Kontaktaufnahmem\u00f6glichkeit \u00fcber das Kontaktformular&nbsp;oder den  Bezug unseres Newsletters) in Anspruch nehmen wollen, ist es n\u00f6tig, dass  Sie dazu weitere Daten angeben. Es handelt sich um diejenigen Daten,  die zur jeweiligen Abwicklung erforderlich sind. Die Erhebung oder  Verwendung Ihrer Daten erfolgt ausschlie\u00dflich zu dem Zweck, die von  Ihnen gew\u00fcnschte Leistung zu erbringen.<\/p>\n\n\n\n<p>Ihre Daten werden zu vorgenanntem Zweck ggf. an uns unterst\u00fctzende \nDienstleister weitergegeben, die wir selbstverst\u00e4ndlich sorgf\u00e4ltig \nausgew\u00e4hlt haben. Dabei kann es sich um technische Dienstleister oder \nuns beim Versand unterst\u00fctzende Dienstleister handeln. Die Weitergabe \nIhrer Daten an andere Dritte erfolgt ansonsten nur, wenn Sie zuvor \neingewilligt haben.<\/p>\n\n\n\n<p><strong>4. ZUS\u00c4TZLICHE HINWEISE BEI NUTZUNG VON NEWSLETTERN<\/strong><\/p>\n\n\n\n<p>Um  sich bei unserem zuk\u00fcnftigen E-Mail-Newsletter anmelden zu k\u00f6nnen, ben\u00f6tigen wir  neben Ihrer datenschutzrechtlichen Einwilligung Ihre E-Mail-Adresse, an  die der Newsletter versendet werden soll.<\/p>\n\n\n\n<p>F\u00fcr den Newsletterversand verwenden wir in der Regel das sog. \nDouble-Opt-In-Verfahren, d. h. wir werden Ihnen erst dann den Newsletter\n zusenden, wenn Sie zuvor Ihre Anmeldung \u00fcber eine Ihnen zu diesem Zweck\n zugesandte Best\u00e4tigungs-E-Mail per darin enthaltenem Link best\u00e4tigen. \nDamit m\u00f6chten wir sicherstellen, dass nur Sie selbst sich als Inhaber \nder angegebenen E-Mail-Adresse zum Newsletter anmelden k\u00f6nnen. Ihre \ndiesbez\u00fcgliche Best\u00e4tigung muss zeitnah nach Erhalt der \nBest\u00e4tigungs-E-Mail erfolgen, da andernfalls Ihre Newsletter-Anmeldung \nautomatisch aus unserer Datenbank gel\u00f6scht wird.<\/p>\n\n\n\n<p>Sie k\u00f6nnen einen von Ihnen bei uns abonnierten Newsletter jederzeit \nabbestellen. Dazu k\u00f6nnen Sie uns entweder eine formlose E-Mail an \nnewsletter@usg-chemnitz.de zusenden oder \u00fcber den Link am Ende des \nNewsletters eine Stornierung vornehmen.<\/p>\n\n\n\n<p>Ihre Daten werden zu vorgenanntem Zweck an einen uns unterst\u00fctzenden \nDienstleister weitergegeben, den wir selbstverst\u00e4ndlich sorgf\u00e4ltig \nausgew\u00e4hlt haben. Dabei handelt es sich um einen beim Serienmail-Versand\n unterst\u00fctzenden Dienstleister.<\/p>\n\n\n\n<p> <strong>5. MEDIEN<\/strong><\/p>\n\n\n\n<p>Wenn Sie ein registrierter Benutzer sind und Fotos auf diese Website laden, sollten Sie  vermeiden, Fotos mit einem EXIF-GPS-Standort hochzuladen. Besucher dieser Website k\u00f6nnten Fotos, die auf dieser Website gespeichert sind, herunterladen und deren Standort-Informationen extrahieren.<\/p>\n\n\n\n<p>Wenn Sie einen Artikel bearbeiten oder ver\u00f6ffentlichen, wird ein zus\u00e4tzlicher Cookie in Ihrem Browser gespeichert. Dieser Cookie enth\u00e4lt keine personenbezogenen Daten und verweist nur auf die Beitrags-ID des Artikels, den Sie gerade bearbeiten. Der Cookie verf\u00e4llt nach einem Tag.<\/p>\n\n\n\n<p><strong>6. EINGEBETTETE INHALTE VON ANDEREN WEBSITES<\/strong><\/p>\n\n\n\n<p>Beitr\u00e4ge auf dieser Website k\u00f6nnen eingebettete Inhalte beinhalten (z.&nbsp;B. Videos, Bilder, Beitr\u00e4ge etc.). Eingebettete Inhalte von anderen Websites verhalten sich exakt so, als ob der Besucher die andere Website besucht h\u00e4tte.<\/p>\n\n\n\n<p>Diese Websites k\u00f6nnen Daten sammeln, Cookies benutzen, zus\u00e4tzliche Tracking-Dienste von Dritten einbetten und Interaktion mit diesem eingebetteten Inhalt aufzeichnen, inklusive Ihrer Interaktion mit dem eingebetteten Inhalt, falls Sie ein Konto haben und auf dieser Website angemeldet sind.<\/p>\n","protected":false},"excerpt":{"rendered":"<p>Postsportverein Chemnitz e.V.Marktsteig 110\/Poststadion09125 ChemnitzE-Mail: postsv2019@gmail.com Nachfolgend m\u00f6chten wir Sie \u00fcber die Art, den Umfang und die Zwecke der Erhebung und Verwendung Ihrer personenbezogenen Daten auf unserer Webseite informieren. Wir behandeln personenbezogene Daten gem\u00e4\u00df dieser Datenschutzerkl\u00e4rung und der gesetzlichen Vorschriften grunds\u00e4tzlich vertraulich. Den Schutz Ihrer pers\u00f6nlichen Daten nehmen wir sehr ernst. Wenn Sie unsere Website benutzen, werden verschiedene personenbezogene Daten<\/p>\n","protected":false},"author":1,"featured_media":0,"parent":2,"menu_order":0,"comment_status":"closed","ping_status":"closed","template":"","meta":{"footnotes":""},"class_list":["post-4","page","type-page","status-publish","hentry"],"_links":{"self":[{"href":"https:\/\/post-ol-chemnitz.de\/index.php?rest_route=\/wp\/v2\/pages\/4","targetHints":{"allow":["GET"]}}],"collection":[{"href":"https:\/\/post-ol-chemnitz.de\/index.php?rest_route=\/wp\/v2\/pages"}],"about":[{"href":"https:\/\/post-ol-chemnitz.de\/index.php?rest_route=\/wp\/v2\/types\/page"}],"author":[{"embeddable":true,"href":"https:\/\/post-ol-chemnitz.de\/index.php?rest_route=\/wp\/v2\/users\/1"}],"replies":[{"embeddable":true,"href":"https:\/\/post-ol-chemnitz.de\/index.php?rest_route=%2Fwp%2Fv2%2Fcomments&post=4"}],"version-history":[{"count":3,"href":"https:\/\/post-ol-chemnitz.de\/index.php?rest_route=\/wp\/v2\/pages\/4\/revisions"}],"predecessor-version":[{"id":171,"href":"https:\/\/post-ol-chemnitz.de\/index.php?rest_route=\/wp\/v2\/pages\/4\/revisions\/171"}],"up":[{"embeddable":true,"href":"https:\/\/post-ol-chemnitz.de\/index.php?rest_route=\/wp\/v2\/pages\/2"}],"wp:attachment":[{"href":"https:\/\/post-ol-chemnitz.de\/index.php?rest_route=%2Fwp%2Fv2%2Fmedia&parent=4"}],"curies":[{"name":"wp","href":"https:\/\/api.w.org\/{rel}","templated":true}]}}