{"id":568,"date":"2022-05-20T19:08:09","date_gmt":"2022-05-20T19:08:09","guid":{"rendered":"https:\/\/post-ol-chemnitz.de\/?page_id=568"},"modified":"2023-02-20T21:56:06","modified_gmt":"2023-02-20T21:56:06","slug":"chemnitzer-post-ol-2022","status":"publish","type":"page","link":"https:\/\/post-ol-chemnitz.de\/?page_id=568","title":{"rendered":"Archiv &#8211; Chemnitzer Post-OL 2022"},"content":{"rendered":"\n<p>Willkommen in der Bergstadt Hohenstein-Ernstthal.<br>Die Chemnitzer Post-OLer laden am Samstag, den <strong>02. Juli 2022<\/strong>, zum Lang-OL ein. <br>Eine brandneue OL-Karte vom Waldgebiet &#8222;Langenberger H\u00f6he &#8211; T\u00fcmmel&#8220; haben wir f\u00fcr euch vorbereitet.<\/p>\n\n\n\n<p><strong>Bitte Beachten: 1,7 km bis zum Start!<\/strong><\/p>\n\n\n\n<p>Meldung bitte \u00fcber O-Manager: <a href=\"https:\/\/omanager.o-sport.de\/service\/f?p=105:7:16990571631956::::P7_ID:41804\">Chemnitzer  Post-OL 2022<\/a><\/p>\n\n\n\n<ul class=\"wp-block-list\">\n<li><strong><a href=\"https:\/\/post-ol-chemnitz.de\/wp-content\/uploads\/2022\/06\/POL-Ausschreibung-2022.pdf\" data-type=\"URL\" data-id=\"https:\/\/post-ol-chemnitz.de\/wp-content\/uploads\/2022\/06\/POL-Ausschreibung-2022.pdf\" target=\"_blank\" rel=\"noreferrer noopener\">Ausschreibung<\/a><\/strong><\/li>\n\n\n\n<li><strong><a href=\"https:\/\/post-ol-chemnitz.de\/wp-content\/uploads\/2022\/06\/pol2022-technik.pdf\" data-type=\"URL\" data-id=\"https:\/\/post-ol-chemnitz.de\/wp-content\/uploads\/2022\/06\/pol2022-technik.pdf\" target=\"_blank\" rel=\"noreferrer noopener\">Technische Hinweise<\/a><\/strong><\/li>\n\n\n\n<li><strong><a href=\"https:\/\/post-ol-chemnitz.de\/wp-content\/uploads\/2022\/06\/pol2022-bahn.html\" data-type=\"URL\" data-id=\"https:\/\/post-ol-chemnitz.de\/wp-content\/uploads\/2022\/06\/pol2022-bahn.html\" target=\"_blank\" rel=\"noreferrer noopener\">Bahndaten<\/a><\/strong><\/li>\n<\/ul>\n\n\n\n<p><strong>Infos f\u00fcr den Wettkampftag<\/strong><\/p>\n\n\n\n<ul class=\"wp-block-list\">\n<li><a rel=\"noreferrer noopener\" href=\"https:\/\/post-ol-chemnitz.de\/wp-content\/uploads\/2022\/06\/pol2022-start.html\" data-type=\"URL\" data-id=\"https:\/\/post-ol-chemnitz.de\/wp-content\/uploads\/2022\/06\/pol2022-start.html\" target=\"_blank\">Startliste<\/a><\/li>\n\n\n\n<li><a href=\"https:\/\/post-ol-chemnitz.de\/wp-content\/uploads\/2022\/07\/pol2022-erg.html\">Ergebnisliste <\/a><\/li>\n\n\n\n<li><a href=\"https:\/\/post-ol-chemnitz.de\/wp-content\/uploads\/2022\/07\/pol2022-split.html\" data-type=\"URL\" data-id=\"https:\/\/post-ol-chemnitz.de\/wp-content\/uploads\/2022\/07\/pol2022-split.html\">Ergebnisliste mit Zwischenzeiten <\/a><\/li>\n<\/ul>\n\n\n\n<p>Freie Presse-Artikel in der Ausgabe Hohenstein-Ernstthal vom 04.07.2022:<\/p>\n\n\n\n<div data-wp-interactive=\"core\/file\" class=\"wp-block-file\"><object data-wp-bind--hidden=\"!state.hasPdfPreview\" hidden class=\"wp-block-file__embed\" data=\"https:\/\/post-ol-chemnitz.de\/wp-content\/uploads\/2022\/07\/Seite-18.pdf\" type=\"application\/pdf\" style=\"width:100%;height:600px\" aria-label=\"Einbettung von Seite-18.\"><\/object><a id=\"wp-block-file--media-8e31746a-6175-4eb6-898f-28753cc07b4e\" href=\"https:\/\/post-ol-chemnitz.de\/wp-content\/uploads\/2022\/07\/Seite-18.pdf\">Seite-18<\/a><a href=\"https:\/\/post-ol-chemnitz.de\/wp-content\/uploads\/2022\/07\/Seite-18.pdf\" class=\"wp-block-file__button wp-element-button\" download aria-describedby=\"wp-block-file--media-8e31746a-6175-4eb6-898f-28753cc07b4e\">Herunterladen<\/a><\/div>\n","protected":false},"excerpt":{"rendered":"<p>Willkommen in der Bergstadt Hohenstein-Ernstthal.Die Chemnitzer Post-OLer laden am Samstag, den 02. Juli 2022, zum Lang-OL ein. Eine brandneue OL-Karte vom Waldgebiet &#8222;Langenberger H\u00f6he &#8211; T\u00fcmmel&#8220; haben wir f\u00fcr euch vorbereitet. Bitte Beachten: 1,7 km bis zum Start! Meldung bitte \u00fcber O-Manager: Chemnitzer Post-OL 2022 Infos f\u00fcr den Wettkampftag Freie Presse-Artikel in der Ausgabe Hohenstein-Ernstthal vom 04.07.2022:<\/p>\n","protected":false},"author":1,"featured_media":0,"parent":0,"menu_order":0,"comment_status":"closed","ping_status":"closed","template":"","meta":{"footnotes":""},"class_list":["post-568","page","type-page","status-publish","hentry"],"_links":{"self":[{"href":"https:\/\/post-ol-chemnitz.de\/index.php?rest_route=\/wp\/v2\/pages\/568","targetHints":{"allow":["GET"]}}],"collection":[{"href":"https:\/\/post-ol-chemnitz.de\/index.php?rest_route=\/wp\/v2\/pages"}],"about":[{"href":"https:\/\/post-ol-chemnitz.de\/index.php?rest_route=\/wp\/v2\/types\/page"}],"author":[{"embeddable":true,"href":"https:\/\/post-ol-chemnitz.de\/index.php?rest_route=\/wp\/v2\/users\/1"}],"replies":[{"embeddable":true,"href":"https:\/\/post-ol-chemnitz.de\/index.php?rest_route=%2Fwp%2Fv2%2Fcomments&post=568"}],"version-history":[{"count":19,"href":"https:\/\/post-ol-chemnitz.de\/index.php?rest_route=\/wp\/v2\/pages\/568\/revisions"}],"predecessor-version":[{"id":692,"href":"https:\/\/post-ol-chemnitz.de\/index.php?rest_route=\/wp\/v2\/pages\/568\/revisions\/692"}],"wp:attachment":[{"href":"https:\/\/post-ol-chemnitz.de\/index.php?rest_route=%2Fwp%2Fv2%2Fmedia&parent=568"}],"curies":[{"name":"wp","href":"https:\/\/api.w.org\/{rel}","templated":true}]}}