{"id":685,"date":"2023-02-20T21:39:22","date_gmt":"2023-02-20T21:39:22","guid":{"rendered":"https:\/\/post-ol-chemnitz.de\/?page_id=685"},"modified":"2024-01-12T09:56:18","modified_gmt":"2024-01-12T09:56:18","slug":"chemnitzer-post-ol-2023","status":"publish","type":"page","link":"https:\/\/post-ol-chemnitz.de\/?page_id=685","title":{"rendered":"Archiv &#8211; Chemnitzer Post-OL 2023"},"content":{"rendered":"\n<p>Willkommen in der Bergstadt Hohenstein-Ernstthal.<br>Die Chemnitzer Post-OLer laden am Samstag, den <strong>01. April 2023<\/strong>, zum Lang-OL ein. <br>Wir nutzen die OL-Karte vom Waldgebiet &#8222;Langenberger H\u00f6he &#8211; T\u00fcmmel&#8220;. <br>Besonderheit: Einige Kategorien wechseln am Schluss auf die Sprintkarte &#8222;Paffenberg&#8220;.<\/p>\n\n\n\n<p><\/p>\n\n\n\n<p>Meldung bitte \u00fcber O-Manager: <a href=\"https:\/\/omanager.o-sport.de\/service\/f?p=105:7:::NO::P7_ID:45504\" target=\"_blank\" rel=\"noreferrer noopener\">Chemnitzer  Post-OL 2023<\/a><\/p>\n\n\n\n<ul class=\"wp-block-list\">\n<li><strong><a href=\"https:\/\/post-ol-chemnitz.de\/wp-content\/uploads\/2023\/02\/POL-Ausschreibung-2023.pdf\" data-type=\"URL\" data-id=\"https:\/\/post-ol-chemnitz.de\/wp-content\/uploads\/2023\/02\/POL-Ausschreibung-2023.pdf\" target=\"_blank\" rel=\"noreferrer noopener\">Ausschreibung<\/a><\/strong><\/li>\n\n\n\n<li><a href=\"https:\/\/post-ol-chemnitz.de\/wp-content\/uploads\/2023\/03\/Technische-Hinweise.pdf\" data-type=\"URL\" data-id=\"https:\/\/post-ol-chemnitz.de\/wp-content\/uploads\/2023\/03\/Technische-Hinweise.pdf\"><strong>Technische Hinweise<\/strong> <strong>und Bahndaten<\/strong><\/a><\/li>\n<\/ul>\n\n\n\n<p><strong>Infos f\u00fcr den Wettkampftag<\/strong><\/p>\n\n\n\n<ul class=\"wp-block-list\">\n<li><strong><a href=\"https:\/\/post-ol-chemnitz.de\/wp-content\/uploads\/2023\/03\/pol2023-start-1.html\" data-type=\"URL\" data-id=\"https:\/\/post-ol-chemnitz.de\/wp-content\/uploads\/2023\/03\/pol2023-start-1.html\">Startliste<\/a><\/strong><\/li>\n\n\n\n<li><a href=\"https:\/\/post-ol-chemnitz.de\/wp-content\/uploads\/2023\/04\/pol2023-result.html\" data-type=\"URL\" data-id=\"https:\/\/post-ol-chemnitz.de\/wp-content\/uploads\/2023\/04\/pol2023-result.html\">Ergebnisliste <\/a><\/li>\n\n\n\n<li><a href=\"https:\/\/post-ol-chemnitz.de\/wp-content\/uploads\/2023\/04\/pol2023-result-si.html\" data-type=\"URL\" data-id=\"https:\/\/post-ol-chemnitz.de\/wp-content\/uploads\/2023\/04\/pol2023-result-si.html\">Ergebnisliste mit Zwischenzeiten<\/a> <\/li>\n<\/ul>\n\n\n\n<p><\/p>\n\n\n\n<p><\/p>\n\n\n\n<p><a href=\"https:\/\/post-ol-chemnitz.de\/wp-content\/uploads\/2023\/04\/20230331_13_Id7961688_v1_LSpZ.pdf\">Wettkampf-Ank\u00fcndigung am 31.03.2023 in der Freien Presse &#8211; Ausgabe Hohenstein-Ernstthal<\/a><\/p>\n\n\n\n<p><\/p>\n\n\n\n<p><a href=\"https:\/\/post-ol-chemnitz.de\/wp-content\/uploads\/2023\/04\/20230404_13_Id7963192_v1_LSpGC.pdf\">Wettkampf-Artikel vom 04.04.2023 in der Freien Presse &#8211; Ausgabe Hohenstein-Ernstthal<\/a><\/p>\n","protected":false},"excerpt":{"rendered":"<p>Willkommen in der Bergstadt Hohenstein-Ernstthal.Die Chemnitzer Post-OLer laden am Samstag, den 01. April 2023, zum Lang-OL ein. Wir nutzen die OL-Karte vom Waldgebiet &#8222;Langenberger H\u00f6he &#8211; T\u00fcmmel&#8220;. Besonderheit: Einige Kategorien wechseln am Schluss auf die Sprintkarte &#8222;Paffenberg&#8220;. Meldung bitte \u00fcber O-Manager: Chemnitzer Post-OL 2023 Infos f\u00fcr den Wettkampftag Wettkampf-Ank\u00fcndigung am 31.03.2023 in der Freien Presse &#8211; Ausgabe Hohenstein-Ernstthal Wettkampf-Artikel vom<\/p>\n","protected":false},"author":1,"featured_media":0,"parent":0,"menu_order":0,"comment_status":"closed","ping_status":"closed","template":"","meta":{"footnotes":""},"class_list":["post-685","page","type-page","status-publish","hentry"],"_links":{"self":[{"href":"https:\/\/post-ol-chemnitz.de\/index.php?rest_route=\/wp\/v2\/pages\/685","targetHints":{"allow":["GET"]}}],"collection":[{"href":"https:\/\/post-ol-chemnitz.de\/index.php?rest_route=\/wp\/v2\/pages"}],"about":[{"href":"https:\/\/post-ol-chemnitz.de\/index.php?rest_route=\/wp\/v2\/types\/page"}],"author":[{"embeddable":true,"href":"https:\/\/post-ol-chemnitz.de\/index.php?rest_route=\/wp\/v2\/users\/1"}],"replies":[{"embeddable":true,"href":"https:\/\/post-ol-chemnitz.de\/index.php?rest_route=%2Fwp%2Fv2%2Fcomments&post=685"}],"version-history":[{"count":13,"href":"https:\/\/post-ol-chemnitz.de\/index.php?rest_route=\/wp\/v2\/pages\/685\/revisions"}],"predecessor-version":[{"id":946,"href":"https:\/\/post-ol-chemnitz.de\/index.php?rest_route=\/wp\/v2\/pages\/685\/revisions\/946"}],"wp:attachment":[{"href":"https:\/\/post-ol-chemnitz.de\/index.php?rest_route=%2Fwp%2Fv2%2Fmedia&parent=685"}],"curies":[{"name":"wp","href":"https:\/\/api.w.org\/{rel}","templated":true}]}}