{"id":972,"date":"2024-06-24T20:05:08","date_gmt":"2024-06-24T20:05:08","guid":{"rendered":"https:\/\/post-ol-chemnitz.de\/?page_id=972"},"modified":"2025-01-15T12:10:56","modified_gmt":"2025-01-15T12:10:56","slug":"chemnitzer-post-ol-am-07-09-2024","status":"publish","type":"page","link":"https:\/\/post-ol-chemnitz.de\/?page_id=972","title":{"rendered":"Archiv &#8211; Chemnitzer Post-OL 2024"},"content":{"rendered":"\n<p>Willkommen am Sprungschanzen-Areal im Chemnitzer Ortsteil Gr\u00fcna.<\/p>\n\n\n\n<p><strong>Die Chemnitzer Post-OLer laden am Samstag, den 07. September 2024, zum Lang-OL ein. <br>Wir nutzen die OL-Karte vom Waldgebiet &#8222;Rabensteiner Wald-Ost&#8220; (Kartenaktualisierung 07\/2024).<\/strong><\/p>\n\n\n\n<p>Mit freundlicher Unterst\u00fctzung vom Wintersportverein Gr\u00fcna k\u00f6nnen wir als Wettkampfzentrum das Gu\u00dfgrundschanzen-Areal nutzen.<\/p>\n\n\n\n<p>Zus\u00e4tzlich startet am Nachmittag in Chemnitz der <br><strong>1. Chemnitzer-Stadion-Sprint-OL<\/strong> <strong>der USG Chemnitz e.V.<\/strong> <strong>im Rahmen von Sports-United und Sporty Chemnitz<\/strong><\/p>\n\n\n\n<div style=\"height:100px\" aria-hidden=\"true\" class=\"wp-block-spacer\"><\/div>\n\n\n\n<p><\/p>\n\n\n\n<p><\/p>\n\n\n\n<figure class=\"wp-block-image size-full\"><img loading=\"lazy\" decoding=\"async\" width=\"484\" height=\"356\" src=\"https:\/\/post-ol-chemnitz.de\/wp-content\/uploads\/2024\/06\/Schanze-Grussgrund.png\" alt=\"\" class=\"wp-image-976\" srcset=\"https:\/\/post-ol-chemnitz.de\/wp-content\/uploads\/2024\/06\/Schanze-Grussgrund.png 484w, https:\/\/post-ol-chemnitz.de\/wp-content\/uploads\/2024\/06\/Schanze-Grussgrund-300x221.png 300w\" sizes=\"auto, (max-width: 484px) 100vw, 484px\" \/><\/figure>\n\n\n\n<p>Post-OL-Meldung bitte \u00fcber O-Manager: <a href=\"https:\/\/omanager.o-sport.de\/service\/f?p=105:7:::::P7_ID:53884\" target=\"_blank\" rel=\"noreferrer noopener\">Chemnitzer  Post-OL 2024<\/a><\/p>\n\n\n\n<ul class=\"wp-block-list\">\n<li><strong><a href=\"https:\/\/post-ol-chemnitz.de\/wp-content\/uploads\/2024\/08\/240907_POL-Ausschreibung.pdf\">Ausschreibung<\/a><\/strong><\/li>\n\n\n\n<li><strong><a href=\"https:\/\/post-ol-chemnitz.de\/wp-content\/uploads\/2024\/09\/Technische-Hinweise.pdf\">Technische Hinweise<\/a><\/strong> <strong>und <a href=\"https:\/\/post-ol-chemnitz.de\/wp-content\/uploads\/2024\/08\/POL-Bahndaten_Vorl.pdf\">Bahndaten<\/a><\/strong><\/li>\n<\/ul>\n\n\n\n<p><strong>Infos f\u00fcr den Wettkampftag<\/strong><\/p>\n\n\n\n<ul class=\"wp-block-list\">\n<li><strong><a href=\"https:\/\/post-ol-chemnitz.de\/wp-content\/uploads\/2024\/09\/pol2024-start.html\">Startliste<\/a><\/strong><\/li>\n\n\n\n<li><strong><a href=\"https:\/\/post-ol-chemnitz.de\/wp-content\/uploads\/2024\/09\/pol2024-result.html\">Ergebnisliste <\/a><\/strong><\/li>\n\n\n\n<li><strong><a href=\"https:\/\/post-ol-chemnitz.de\/wp-content\/uploads\/2024\/09\/pol2021-result-si.html\">Ergebnisliste mit Zwischenzeiten<\/a><\/strong><\/li>\n<\/ul>\n\n\n\n<p><\/p>\n","protected":false},"excerpt":{"rendered":"<p>Willkommen am Sprungschanzen-Areal im Chemnitzer Ortsteil Gr\u00fcna. Die Chemnitzer Post-OLer laden am Samstag, den 07. September 2024, zum Lang-OL ein. Wir nutzen die OL-Karte vom Waldgebiet &#8222;Rabensteiner Wald-Ost&#8220; (Kartenaktualisierung 07\/2024). Mit freundlicher Unterst\u00fctzung vom Wintersportverein Gr\u00fcna k\u00f6nnen wir als Wettkampfzentrum das Gu\u00dfgrundschanzen-Areal nutzen. Zus\u00e4tzlich startet am Nachmittag in Chemnitz der 1. Chemnitzer-Stadion-Sprint-OL der USG Chemnitz e.V. im Rahmen von Sports-United<\/p>\n","protected":false},"author":1,"featured_media":0,"parent":0,"menu_order":0,"comment_status":"closed","ping_status":"closed","template":"","meta":{"footnotes":""},"class_list":["post-972","page","type-page","status-publish","hentry"],"_links":{"self":[{"href":"https:\/\/post-ol-chemnitz.de\/index.php?rest_route=\/wp\/v2\/pages\/972","targetHints":{"allow":["GET"]}}],"collection":[{"href":"https:\/\/post-ol-chemnitz.de\/index.php?rest_route=\/wp\/v2\/pages"}],"about":[{"href":"https:\/\/post-ol-chemnitz.de\/index.php?rest_route=\/wp\/v2\/types\/page"}],"author":[{"embeddable":true,"href":"https:\/\/post-ol-chemnitz.de\/index.php?rest_route=\/wp\/v2\/users\/1"}],"replies":[{"embeddable":true,"href":"https:\/\/post-ol-chemnitz.de\/index.php?rest_route=%2Fwp%2Fv2%2Fcomments&post=972"}],"version-history":[{"count":18,"href":"https:\/\/post-ol-chemnitz.de\/index.php?rest_route=\/wp\/v2\/pages\/972\/revisions"}],"predecessor-version":[{"id":1016,"href":"https:\/\/post-ol-chemnitz.de\/index.php?rest_route=\/wp\/v2\/pages\/972\/revisions\/1016"}],"wp:attachment":[{"href":"https:\/\/post-ol-chemnitz.de\/index.php?rest_route=%2Fwp%2Fv2%2Fmedia&parent=972"}],"curies":[{"name":"wp","href":"https:\/\/api.w.org\/{rel}","templated":true}]}}